{"id":4519,"date":"2025-12-09T11:43:05","date_gmt":"2025-12-09T11:43:05","guid":{"rendered":"https:\/\/www.algsc.lu\/wp\/?page_id=4519"},"modified":"2026-05-04T07:38:12","modified_gmt":"2026-05-04T07:38:12","slug":"plans-canicule-et-grand-froid","status":"publish","type":"page","link":"https:\/\/www.algsc.lu\/wp\/index.php\/plans-canicule-et-grand-froid\/","title":{"rendered":"Plans canicule et grand froid"},"content":{"rendered":"\t\t<div data-elementor-type=\"wp-page\" data-elementor-id=\"4519\" class=\"elementor elementor-4519\">\n\t\t\t\t\t\t<section class=\"elementor-section elementor-top-section elementor-element elementor-element-254d2d28 elementor-section-boxed elementor-section-height-default elementor-section-height-default\" data-id=\"254d2d28\" data-element_type=\"section\">\n\t\t\t\t\t\t<div class=\"elementor-container elementor-column-gap-default\">\n\t\t\t\t\t<div class=\"elementor-column elementor-col-100 elementor-top-column elementor-element elementor-element-6cb2ff93\" data-id=\"6cb2ff93\" data-element_type=\"column\">\n\t\t\t<div class=\"elementor-widget-wrap elementor-element-populated\">\n\t\t\t\t\t\t<div class=\"elementor-element elementor-element-4c3ce22a elementor-widget elementor-widget-text-editor\" data-id=\"4c3ce22a\" data-element_type=\"widget\" data-widget_type=\"text-editor.default\">\n\t\t\t\t<div class=\"elementor-widget-container\">\n\t\t\t\t\t\t\t\t\t<p><\/p>\n<div>Plans \u00e0 t\u00e9l\u00e9charger :\u00a0<a style=\"font-size: 18px; background-color: #ffffff; color: #3366ff;\" href=\"https:\/\/www.algsc.lu\/wp\/wp-content\/uploads\/2025\/12\/Plan-canicule-ALGSC_2025.09.08.pdf\" data-type=\"attachment\" data-id=\"4517\">Plan canicule<\/a>\u00a0&amp;\u00a0<a style=\"font-size: 18px; background-color: #ffffff; color: #3366ff;\" href=\"https:\/\/www.algsc.lu\/wp\/wp-content\/uploads\/2025\/12\/Plan-grand-froid-ALGSC_2025.09.08.pdf\" data-type=\"attachment\" data-id=\"4518\">Plan grand froid<\/a><\/div>\n<p><\/p>\n<p><!-- \/wp:list --><!-- wp:paragraph --><\/p>\n<p><!-- \/wp:paragraph --><\/p>\t\t\t\t\t\t\t\t<\/div>\n\t\t\t\t<\/div>\n\t\t\t\t\t<\/div>\n\t\t<\/div>\n\t\t\t\t\t<\/div>\n\t\t<\/section>\n\t\t\t\t<section class=\"elementor-section elementor-top-section elementor-element elementor-element-9a80b10 elementor-section-boxed elementor-section-height-default elementor-section-height-default\" data-id=\"9a80b10\" data-element_type=\"section\">\n\t\t\t\t\t\t<div class=\"elementor-container elementor-column-gap-default\">\n\t\t\t\t\t<div class=\"elementor-column elementor-col-100 elementor-top-column elementor-element elementor-element-37bb005\" data-id=\"37bb005\" data-element_type=\"column\">\n\t\t\t<div class=\"elementor-widget-wrap elementor-element-populated\">\n\t\t\t\t\t\t<div class=\"elementor-element elementor-element-626e140 elementor-widget elementor-widget-text-editor\" data-id=\"626e140\" data-element_type=\"widget\" data-widget_type=\"text-editor.default\">\n\t\t\t\t<div class=\"elementor-widget-container\">\n\t\t\t\t\t\t\t\t\t<p>Ces plans\u00a0visent \u00e0 prot\u00e9ger les membres actifs (sportifs cardiaques) de notre association, qui sont des personnes vuln\u00e9rables, contre les effets de la m\u00e9t\u00e9o et autour de mesures de\u00a0:<\/p>\n<ul>\n<li style=\"list-style-type: none;\">\n<ul>\n<li>pr\u00e9vention<\/li>\n<li>de gestion\u00a0<\/li>\n<li>de communication<\/li>\n<\/ul>\n<\/li>\n<\/ul>\n<p>impliquant divers acteurs tels que\u00a0:<\/p>\n<ul>\n<li style=\"list-style-type: none;\">\n<ul>\n<li>les sportifs cardiaques<\/li>\n<li>les acteurs de la sant\u00e9 (m\u00e9decins, kin\u00e9sith\u00e9rapeutes, moniteurs, maitres-nageurs, infirmi\u00e8res-iers<\/li>\n<li>et le conseil d\u2019administration\u00a0<\/li>\n<\/ul>\n<\/li>\n<\/ul>\n<p><u>Les objectifs recherch\u00e9s sont :<\/u><\/p>\n<ul>\n<li style=\"list-style-type: none;\">\n<ul>\n<li>Anticiper l&#8217;arriv\u00e9e du ph\u00e9nom\u00e8ne et mettre en \u0153uvre des mesures de pr\u00e9vention adapt\u00e9es (en annexe)\u00a0<\/li>\n<li>Prot\u00e9ger les sportifs cardiaques et membres de notre association ainsi que les professionnels et acteurs de la sant\u00e9.\u00a0<\/li>\n<li>Assurer une coordination efficace entre les diff\u00e9rents acteurs pour une r\u00e9ponse rapide et efficiente.\u00a0<\/li>\n<\/ul>\n<\/li>\n<\/ul>\t\t\t\t\t\t\t\t<\/div>\n\t\t\t\t<\/div>\n\t\t\t\t\t<\/div>\n\t\t<\/div>\n\t\t\t\t\t<\/div>\n\t\t<\/section>\n\t\t\t\t<section class=\"elementor-section elementor-top-section elementor-element elementor-element-8ab6219 elementor-section-boxed elementor-section-height-default elementor-section-height-default\" data-id=\"8ab6219\" data-element_type=\"section\">\n\t\t\t\t\t\t<div class=\"elementor-container elementor-column-gap-default\">\n\t\t\t\t\t<div class=\"elementor-column elementor-col-33 elementor-top-column elementor-element elementor-element-5fbf70c\" data-id=\"5fbf70c\" data-element_type=\"column\">\n\t\t\t<div class=\"elementor-widget-wrap\">\n\t\t\t\t\t\t\t<\/div>\n\t\t<\/div>\n\t\t\t\t<div class=\"elementor-column elementor-col-66 elementor-top-column elementor-element elementor-element-cafbaf7\" data-id=\"cafbaf7\" data-element_type=\"column\">\n\t\t\t<div class=\"elementor-widget-wrap\">\n\t\t\t\t\t\t\t<\/div>\n\t\t<\/div>\n\t\t\t\t\t<\/div>\n\t\t<\/section>\n\t\t\t\t<\/div>\n\t\t","protected":false},"excerpt":{"rendered":"<p>Plans \u00e0 t\u00e9l\u00e9charger :\u00a0Plan canicule\u00a0&amp;\u00a0Plan grand froid Ces plans\u00a0visent \u00e0 prot\u00e9ger les membres actifs (sportifs cardiaques) de notre association, qui sont des personnes vuln\u00e9rables, contre les effets de la m\u00e9t\u00e9o et autour de mesures de\u00a0: pr\u00e9vention de gestion\u00a0 de communication impliquant divers acteurs tels que\u00a0: les sportifs cardiaques les acteurs de la sant\u00e9 (m\u00e9decins, kin\u00e9sith\u00e9rapeutes, [&hellip;]<\/p>\n","protected":false},"author":3,"featured_media":0,"parent":0,"menu_order":0,"comment_status":"closed","ping_status":"closed","template":"elementor_theme","meta":{"ocean_post_layout":"","ocean_both_sidebars_style":"","ocean_both_sidebars_content_width":0,"ocean_both_sidebars_sidebars_width":0,"ocean_sidebar":"","ocean_second_sidebar":"","ocean_disable_margins":"enable","ocean_add_body_class":"","ocean_shortcode_before_top_bar":"","ocean_shortcode_after_top_bar":"","ocean_shortcode_before_header":"","ocean_shortcode_after_header":"","ocean_has_shortcode":"","ocean_shortcode_after_title":"","ocean_shortcode_before_footer_widgets":"","ocean_shortcode_after_footer_widgets":"","ocean_shortcode_before_footer_bottom":"","ocean_shortcode_after_footer_bottom":"","ocean_display_top_bar":"default","ocean_display_header":"default","ocean_header_style":"","ocean_center_header_left_menu":"","ocean_custom_header_template":"","ocean_custom_logo":0,"ocean_custom_retina_logo":0,"ocean_custom_logo_max_width":0,"ocean_custom_logo_tablet_max_width":0,"ocean_custom_logo_mobile_max_width":0,"ocean_custom_logo_max_height":0,"ocean_custom_logo_tablet_max_height":0,"ocean_custom_logo_mobile_max_height":0,"ocean_header_custom_menu":"","ocean_menu_typo_font_family":"","ocean_menu_typo_font_subset":"","ocean_menu_typo_font_size":0,"ocean_menu_typo_font_size_tablet":0,"ocean_menu_typo_font_size_mobile":0,"ocean_menu_typo_font_size_unit":"px","ocean_menu_typo_font_weight":"","ocean_menu_typo_font_weight_tablet":"","ocean_menu_typo_font_weight_mobile":"","ocean_menu_typo_transform":"","ocean_menu_typo_transform_tablet":"","ocean_menu_typo_transform_mobile":"","ocean_menu_typo_line_height":0,"ocean_menu_typo_line_height_tablet":0,"ocean_menu_typo_line_height_mobile":0,"ocean_menu_typo_line_height_unit":"","ocean_menu_typo_spacing":0,"ocean_menu_typo_spacing_tablet":0,"ocean_menu_typo_spacing_mobile":0,"ocean_menu_typo_spacing_unit":"","ocean_menu_link_color":"","ocean_menu_link_color_hover":"","ocean_menu_link_color_active":"","ocean_menu_link_background":"","ocean_menu_link_hover_background":"","ocean_menu_link_active_background":"","ocean_menu_social_links_bg":"","ocean_menu_social_hover_links_bg":"","ocean_menu_social_links_color":"","ocean_menu_social_hover_links_color":"","ocean_disable_title":"default","ocean_disable_heading":"default","ocean_post_title":"","ocean_post_subheading":"","ocean_post_title_style":"","ocean_post_title_background_color":"","ocean_post_title_background":0,"ocean_post_title_bg_image_position":"","ocean_post_title_bg_image_attachment":"","ocean_post_title_bg_image_repeat":"","ocean_post_title_bg_image_size":"","ocean_post_title_height":0,"ocean_post_title_bg_overlay":0.5,"ocean_post_title_bg_overlay_color":"","ocean_disable_breadcrumbs":"default","ocean_breadcrumbs_color":"","ocean_breadcrumbs_separator_color":"","ocean_breadcrumbs_links_color":"","ocean_breadcrumbs_links_hover_color":"","ocean_display_footer_widgets":"default","ocean_display_footer_bottom":"default","ocean_custom_footer_template":"","footnotes":""},"class_list":["post-4519","page","type-page","status-publish","hentry","entry"],"_links":{"self":[{"href":"https:\/\/www.algsc.lu\/wp\/index.php\/wp-json\/wp\/v2\/pages\/4519","targetHints":{"allow":["GET"]}}],"collection":[{"href":"https:\/\/www.algsc.lu\/wp\/index.php\/wp-json\/wp\/v2\/pages"}],"about":[{"href":"https:\/\/www.algsc.lu\/wp\/index.php\/wp-json\/wp\/v2\/types\/page"}],"author":[{"embeddable":true,"href":"https:\/\/www.algsc.lu\/wp\/index.php\/wp-json\/wp\/v2\/users\/3"}],"replies":[{"embeddable":true,"href":"https:\/\/www.algsc.lu\/wp\/index.php\/wp-json\/wp\/v2\/comments?post=4519"}],"version-history":[{"count":13,"href":"https:\/\/www.algsc.lu\/wp\/index.php\/wp-json\/wp\/v2\/pages\/4519\/revisions"}],"predecessor-version":[{"id":4733,"href":"https:\/\/www.algsc.lu\/wp\/index.php\/wp-json\/wp\/v2\/pages\/4519\/revisions\/4733"}],"wp:attachment":[{"href":"https:\/\/www.algsc.lu\/wp\/index.php\/wp-json\/wp\/v2\/media?parent=4519"}],"curies":[{"name":"wp","href":"https:\/\/api.w.org\/{rel}","templated":true}]}}